{"id":689,"date":"2020-09-15T12:52:59","date_gmt":"2020-09-15T12:52:59","guid":{"rendered":"http:\/\/spy-shop.euro-soft.pl\/?page_id=689"},"modified":"2021-09-10T13:25:01","modified_gmt":"2021-09-10T13:25:01","slug":"profesjonalny-dyktafon-gsm","status":"publish","type":"page","link":"https:\/\/spy-shop.euro-soft.pl\/","title":{"rendered":"Odczyt telefonu"},"content":{"rendered":"\t\t<div data-elementor-type=\"wp-page\" data-elementor-id=\"689\" class=\"elementor elementor-689\">\n\t\t\t\t\t\t<section class=\"elementor-section elementor-top-section elementor-element elementor-element-c98a6dd elementor-section-boxed elementor-section-height-default elementor-section-height-default\" data-id=\"c98a6dd\" data-element_type=\"section\" data-e-type=\"section\">\n\t\t\t\t\t\t<div class=\"elementor-container elementor-column-gap-default\">\n\t\t\t\t\t<div class=\"elementor-column elementor-col-100 elementor-top-column elementor-element elementor-element-6168c36\" data-id=\"6168c36\" data-element_type=\"column\" data-e-type=\"column\">\n\t\t\t<div class=\"elementor-widget-wrap elementor-element-populated\">\n\t\t\t\t\t\t<div class=\"elementor-element elementor-element-50df6ff elementor-widget elementor-widget-text-editor\" data-id=\"50df6ff\" data-element_type=\"widget\" data-e-type=\"widget\" data-widget_type=\"text-editor.default\">\n\t\t\t\t<div class=\"elementor-widget-container\">\n\t\t\t\t\t\t\t\t\t<h2 style=\"text-align: center;\">Odczyt informacji z telefonu.<\/h2><p style=\"text-align: center;\"><img fetchpriority=\"high\" decoding=\"async\" class=\"alignleft wp-image-1509 size-full\" title=\"Komputerowy system odczytu telefonu\" src=\"https:\/\/spy-shop.euro-soft.pl\/wp-content\/uploads\/2021\/06\/ufed-4.jpg\" alt=\"odczyt informacji z telefonu\" width=\"282\" height=\"289\" \/><\/p><p>Odczyt skasowanych sms wykonywany jest jako prywatna <strong>opinia bieg\u0142ego<\/strong> s\u0105dowego S\u0105du Okr\u0119gowego w Warszawie. \u00a0Na uwag\u0119 zas\u0142uguje fakt, \u017ce nowelizacja art. 393 \u00a7 3 k.p.k. pozwala na dopuszczenie dowodu z prywatnej opinii bieg\u0142ego w post\u0119powaniu s\u0105dowym. Wszystkie czynno\u015bci zwi\u0105zane z odczytem telefonu wykonywane s\u0105 z wykorzystaniem poni\u017cszych aplikacji. Oprogramowanie PHYSICAL ANALIZER pobiera ca\u0142\u0105 zawarto\u015b\u0107 telefonu na komputer. Aplikacja UFED 4PC przetwarza pobrane informacji i umo\u017cliwia odczyt zawarto\u015bci na komputerze. Prezentowany system pozwala na odczyt informacji z telefon\u00f3w kom\u00f3rkowych, tablet\u00f3w z systemem android, dyktafon\u00f3w oraz kart pami\u0119ci a tak\u017ce kart SIM.<\/p><p><a href=\"https:\/\/www.euro-soft.pl\/joomla\/index.php\/8-oferty\/175-usuwanie-blokady-telefonu\"><img decoding=\"async\" class=\"alignnone wp-image-1424 size-full\" title=\"Odczyt informacji z telefonu kom\u00f3rkowego Cellebrite \" src=\"https:\/\/spy-shop.euro-soft.pl\/wp-content\/uploads\/2021\/05\/programy.jpg\" alt=\"aplikacje do odczytu telefonu Physical Analizer, Ufed 4PC\" width=\"1001\" height=\"344\" srcset=\"https:\/\/spy-shop.euro-soft.pl\/wp-content\/uploads\/2021\/05\/programy.jpg 1001w, https:\/\/spy-shop.euro-soft.pl\/wp-content\/uploads\/2021\/05\/programy-300x103.jpg 300w, https:\/\/spy-shop.euro-soft.pl\/wp-content\/uploads\/2021\/05\/programy-768x264.jpg 768w\" sizes=\"(max-width: 1001px) 100vw, 1001px\" \/><\/a><\/p><p>Powy\u017csze oprogramowania wykorzystywane s\u0105 zgodnie z posiadan\u0105 licencj\u0105 udzielon\u0105 przez Cellebrite. Podlegaj\u0105 one systematycznej aktualizacji co zapewnia maksymaln\u0105 ich skuteczno\u015b\u0107[\/caption]<\/p><div><p>Przed przyst\u0105pieniem do odczytu informacji z telefonu musimy okre\u015bli\u0107 mo\u017cliwo\u015bci systemy pod katem badanego telefonu. W tym celu wymagane s\u0105 informacje o\u00a0 marce telefonu, o nazwie modelu i o wersji systemu operacyjnego. Na podstawie tych danych okre\u015blamy zakres naszych mo\u017cliwo\u015bci. Mo\u017cna tak\u017ce odczytywa\u0107 skasowane informacje z innych no\u015bnik\u00f3w typu pendrive.<\/p><p><iframe title=\"YouTube video player\" src=\"https:\/\/www.youtube.com\/embed\/UEkNlhxAwhc\" width=\"1904\" height=\"768\" frameborder=\"0\" allowfullscreen=\"allowfullscreen\"><\/iframe><\/p><p style=\"text-align: center;\">Powy\u017cej prezentujemy odczyt informacji z telefonu\u00a0 Lenovo A6020a40 Vibe K5.<\/p><p style=\"text-align: center;\">Odczyt zosta\u0142 wykonany Physical Analyzer\u00a0 w wersji 7.43.0.34.<\/p><h2 style=\"text-align: center;\">Odczyt informacji z telefonu Samsung GSM SM-A Galaxy A6.<\/h2><p><a href=\"https:\/\/www.euro-soft.pl\/joomla\/index.php\/8-oferty\/214-odczyt-tableta\"><img decoding=\"async\" class=\"wp-image-1279 size-full aligncenter\" title=\"Prezentacja mo\u017cliwo\u015bci UFED 4PC dla telefonu Samsung Galaxy A6\" src=\"https:\/\/spy-shop.euro-soft.pl\/wp-content\/uploads\/2021\/05\/samsung.jpg\" alt=\"odczyt informacji skasowanych w telefonie Samsung Galaxy A6systemem UFED 4Pc\" width=\"700\" height=\"398\" srcset=\"https:\/\/spy-shop.euro-soft.pl\/wp-content\/uploads\/2021\/05\/samsung.jpg 700w, https:\/\/spy-shop.euro-soft.pl\/wp-content\/uploads\/2021\/05\/samsung-300x171.jpg 300w\" sizes=\"(max-width: 700px) 100vw, 700px\" \/><\/a><\/p><p style=\"text-align: center;\">Mo\u017cliwo\u015bci odczytu telefonu Samsung Galaxy A6<\/p><\/div><div style=\"text-align: center;\"><ol><li>Zaawansowanego odczytu logicznego telefonu.<\/li><li>Wy\u0142\u0105czenie i ponowne w\u0142\u0105czenie blokady.<\/li><li>Odczyt Systemu plik\u00f3w.<\/li><li>Wykonania ekstrakcji fizycznej, kt\u00f3ra umo\u017cliwia przechwycenie informacji tekstowych skasowanych.<\/li><li>Wykonania analizy zdj\u0119\u0107<\/li><li>Odczyt zrzut\u00f3w z ekranu telefonu.<\/li><\/ol><div>Odczyt telefonu najcz\u0119\u015bciej jest wykonywany poprzez ekstrakcj\u0119 fizyczn\u0105. Przyk\u0142ad takiego odczytu prezentujemy poni\u017cej.<\/div><div style=\"text-align: center;\">\u00a0<\/div><p>&#8222;<img loading=\"lazy\" decoding=\"async\" class=\"wp-image-1595 alignnone\" title=\"Proces ekstrakcji informacji z tabletka Samsung S2 \" src=\"https:\/\/spy-shop.euro-soft.pl\/wp-content\/uploads\/2021\/06\/odczyt-tablet-SM-T819.jpg\" alt=\"odczyt tablet SM-T819 systemem UFED 4PC\" width=\"603\" height=\"329\" srcset=\"https:\/\/spy-shop.euro-soft.pl\/wp-content\/uploads\/2021\/06\/odczyt-tablet-SM-T819.jpg 800w, https:\/\/spy-shop.euro-soft.pl\/wp-content\/uploads\/2021\/06\/odczyt-tablet-SM-T819-300x164.jpg 300w, https:\/\/spy-shop.euro-soft.pl\/wp-content\/uploads\/2021\/06\/odczyt-tablet-SM-T819-768x420.jpg 768w\" sizes=\"(max-width: 603px) 100vw, 603px\" \/>\u00a0<br \/>Proces ekstrakcji tableta Samsung S2<\/p><\/div><div><h2 style=\"text-align: center;\"><a href=\"https:\/\/www.euro-soft.pl\/joomla\/index.php\/8-oferty\/63-odczyt-skasowanych-sms\">Odczyt skasowanych SMS.<\/a><\/h2><p>Najwi\u0119kszym zainteresowaniem cieszy si\u0119 odczyt wiadomo\u015bci SMS a zw\u0142aszcza odczyt skasowanych SMS. Odczyt jest mo\u017cliwy pod warunkiem \u017ce nie wykonano czynno\u015bci okre\u015blane jako powr\u00f3t do ustawie\u0144 fabrycznych. Procedura ta bezpowrotnie niszczy wiadomo\u015bci SMS. Poni\u017cej prezentujemy przyk\u0142adowe odczyty skasowanych\u00a0 SMS. Oczywi\u015bcie wszystkie dane wra\u017cliwe zosta\u0142y zamazane.<\/p><p><img loading=\"lazy\" decoding=\"async\" class=\"aligncenter wp-image-1334 size-full\" title=\"Wykaz odczytanych wiadomo\u015bci SMS w tym wiadomo\u015bci skasowanych.\" src=\"https:\/\/spy-shop.euro-soft.pl\/wp-content\/uploads\/2021\/05\/skasowane-sms.jpg\" alt=\"odczyt skasowanych sms\" width=\"892\" height=\"656\" srcset=\"https:\/\/spy-shop.euro-soft.pl\/wp-content\/uploads\/2021\/05\/skasowane-sms.jpg 892w, https:\/\/spy-shop.euro-soft.pl\/wp-content\/uploads\/2021\/05\/skasowane-sms-300x221.jpg 300w, https:\/\/spy-shop.euro-soft.pl\/wp-content\/uploads\/2021\/05\/skasowane-sms-768x565.jpg 768w\" sizes=\"(max-width: 892px) 100vw, 892px\" \/><\/p><\/div><div style=\"text-align: center;\"><p>Wykaz wszystkich odcztanych wiadomo\u015bci SMS, tak\u017ce skasowanych.<\/p><p style=\"text-align: left;\">Odczyt wiadomo\u015bci sms zawiera:<\/p><ol><li style=\"text-align: left;\">Liczb\u0119 wys\u0142anych\/odebranych wiadomo\u015bci sms.<\/li><li style=\"text-align: left;\">Numer telefonu z kt\u00f3rego zosta\u0142a wys\u0142ana wiadomo\u015b\u0107 SMS.<\/li><li style=\"text-align: left;\">Nazwa lub imi\u0119 pod kt\u00f3rym ten numer jest zapisany.<\/li><li style=\"text-align: left;\">Dok\u0142adna data i godzina wys\u0142ania SMS -a<\/li><li style=\"text-align: left;\">Status sms &#8211; a wys\u0142any &#8211; otrzymany.<\/li><li style=\"text-align: left;\">Pe\u0142na tre\u015b\u0107 widomo\u015bci sms.<\/li><li style=\"text-align: left;\"><strong>Odczyt skasowanych sms<\/strong>.<\/li><li style=\"text-align: left;\">Czerwone &#8222;<span style=\"color: #ff0000;\">Tak<\/span>&#8221; oznacza \u017ce wiadomo\u015b\u0107 zosta\u0142a skasowana i nie ma dost\u0119pu do niej. Nale\u017cy nadmieni\u0107 \u017ce kasowanie polega na usuni\u0119ciu adresu dost\u0119pu do danej informacji natomiast tre\u015b\u0107 informacji nadal istnieje.<\/li><\/ol><h2 style=\"text-align: center;\">Odczyt informacji z komunikator\u00f3w.<\/h2><p style=\"text-align: center;\"><img loading=\"lazy\" decoding=\"async\" class=\"alignnone wp-image-1371 size-full\" title=\"Informacje odczytana z Feacebook Messenger.\" src=\"https:\/\/spy-shop.euro-soft.pl\/wp-content\/uploads\/2021\/05\/Messenger.jpg\" alt=\"Odczyt skasowanych informacji Feacebook Messenger\" width=\"887\" height=\"892\" srcset=\"https:\/\/spy-shop.euro-soft.pl\/wp-content\/uploads\/2021\/05\/Messenger.jpg 887w, https:\/\/spy-shop.euro-soft.pl\/wp-content\/uploads\/2021\/05\/Messenger-298x300.jpg 298w, https:\/\/spy-shop.euro-soft.pl\/wp-content\/uploads\/2021\/05\/Messenger-150x150.jpg 150w, https:\/\/spy-shop.euro-soft.pl\/wp-content\/uploads\/2021\/05\/Messenger-768x772.jpg 768w, https:\/\/spy-shop.euro-soft.pl\/wp-content\/uploads\/2021\/05\/Messenger-300x302.jpg 300w, https:\/\/spy-shop.euro-soft.pl\/wp-content\/uploads\/2021\/05\/Messenger-100x100.jpg 100w\" sizes=\"(max-width: 887px) 100vw, 887px\" \/><\/p><p style=\"text-align: center;\"><img loading=\"lazy\" decoding=\"async\" class=\"alignnone wp-image-1373 size-full\" title=\"Odczyt wiadomo\u015bci e-mail.\" src=\"https:\/\/spy-shop.euro-soft.pl\/wp-content\/uploads\/2021\/05\/e-mail.jpg\" alt=\"Odczyt skasowanych informacji z poczty e-mail.\" width=\"774\" height=\"477\" srcset=\"https:\/\/spy-shop.euro-soft.pl\/wp-content\/uploads\/2021\/05\/e-mail.jpg 774w, https:\/\/spy-shop.euro-soft.pl\/wp-content\/uploads\/2021\/05\/e-mail-300x185.jpg 300w, https:\/\/spy-shop.euro-soft.pl\/wp-content\/uploads\/2021\/05\/e-mail-768x473.jpg 768w\" sizes=\"(max-width: 774px) 100vw, 774px\" \/><\/p><p style=\"text-align: center;\"><img loading=\"lazy\" decoding=\"async\" class=\"alignnone wp-image-1377 size-full\" title=\"Czaty odczyt. \" src=\"https:\/\/spy-shop.euro-soft.pl\/wp-content\/uploads\/2021\/05\/czat.jpg\" alt=\"Odczyt informacji z czat\u00f3w.\" width=\"500\" height=\"231\" srcset=\"https:\/\/spy-shop.euro-soft.pl\/wp-content\/uploads\/2021\/05\/czat.jpg 500w, https:\/\/spy-shop.euro-soft.pl\/wp-content\/uploads\/2021\/05\/czat-300x139.jpg 300w\" sizes=\"(max-width: 500px) 100vw, 500px\" \/><\/p><h2 style=\"text-align: center;\">Wykrywanie pods\u0142uchu w telefonie.<\/h2><h2 style=\"text-align: center;\">Samsung SM-T819 Galaxy Tab S2<\/h2><p>Opr\u00f3cz powy\u017cszych mo\u017cliwo\u015bci wykonujemy sprawdzenie pod k\u0105tem istnienie aplikacji szpiegowskich. Procedura ta polega na sczytaniu wszystkich istniej\u0105cych aplikacji z telefonu. W trakcie sczytywania pobierana jest aktualna baza aplikacji szpiegowskich a firmy Cellebrit TelAwiv. W oparciu o por\u00f3wnania tych dw\u00f3ch zbior\u00f3w otrzymujemy informacja czy w telefonie istnieje aplikacja pods\u0142uchowa.<\/p><p style=\"text-align: center;\"><img loading=\"lazy\" decoding=\"async\" class=\"alignleft wp-image-1289\" title=\"Pobran\u0105 baz\u0119 danych por\u00f3wnujemy z aplikacjami pobranymi z badanego telefonu.\" src=\"https:\/\/spy-shop.euro-soft.pl\/wp-content\/uploads\/2021\/05\/Untitled-2-300x168.jpg\" alt=\"Pobranie bazy danych z Cellebrit aplikacji szpiegowskich.\" width=\"300\" height=\"168\" srcset=\"https:\/\/spy-shop.euro-soft.pl\/wp-content\/uploads\/2021\/05\/Untitled-2-300x168.jpg 300w, https:\/\/spy-shop.euro-soft.pl\/wp-content\/uploads\/2021\/05\/Untitled-2.jpg 490w\" sizes=\"(max-width: 300px) 100vw, 300px\" \/><\/p><p>Pobranie aktualnej bazy aplikacji szpiegowskich z Cellebrite.<\/p><p style=\"text-align: center;\"><img loading=\"lazy\" decoding=\"async\" class=\"alignleft wp-image-1290 size-full\" title=\"Wykryte zosta\u0142y trzy aplikacje pods\u0142uchowe.\" src=\"https:\/\/spy-shop.euro-soft.pl\/wp-content\/uploads\/2021\/05\/Untitled-3.jpg\" alt=\"Wykaz wykrytych aplikacji szpiegowskich w badanym telefonie.\" width=\"380\" height=\"317\" srcset=\"https:\/\/spy-shop.euro-soft.pl\/wp-content\/uploads\/2021\/05\/Untitled-3.jpg 380w, https:\/\/spy-shop.euro-soft.pl\/wp-content\/uploads\/2021\/05\/Untitled-3-300x250.jpg 300w\" sizes=\"(max-width: 380px) 100vw, 380px\" \/><\/p><p>Wynik por\u00f3wnania bazy danych pozyskanej z badanego telefonu z pobrana baz\u0105 aplikacji szpiegowskich z TelAwivu.<\/p><p style=\"text-align: center;\"><img loading=\"lazy\" decoding=\"async\" class=\"alignnone wp-image-1291 size-full\" title=\"Analiza wykrytych aplikacji pods\u0142uchowych w badanym telefonie.\" src=\"https:\/\/spy-shop.euro-soft.pl\/wp-content\/uploads\/2021\/05\/Untitled-4.jpg\" alt=\"Analiza wykrytych aplikacji pods\u0142uchowych w sprawdzanym telefonie.\" width=\"1261\" height=\"266\" srcset=\"https:\/\/spy-shop.euro-soft.pl\/wp-content\/uploads\/2021\/05\/Untitled-4.jpg 1261w, https:\/\/spy-shop.euro-soft.pl\/wp-content\/uploads\/2021\/05\/Untitled-4-300x63.jpg 300w, https:\/\/spy-shop.euro-soft.pl\/wp-content\/uploads\/2021\/05\/Untitled-4-1024x216.jpg 1024w, https:\/\/spy-shop.euro-soft.pl\/wp-content\/uploads\/2021\/05\/Untitled-4-768x162.jpg 768w\" sizes=\"(max-width: 1261px) 100vw, 1261px\" \/><\/p><p style=\"text-align: center;\">Zosta\u0142y wykryte trzy aplikacje zaklasyfikowane przez Cellebrite TelAviv jako aplikacje pods\u0142uchowe.<\/p><h2 style=\"text-align: center;\">Poni\u017cej prezentujemy wykryt\u0105 aplikacje\u00a0 pods\u0142uch\u00a0 w telefonie<\/h2><h2 style=\"text-align: center;\"><span style=\"text-decoration: underline;\">Apple iPhone 6S Plus (A1687)<\/span><\/h2><p style=\"text-align: center;\"><a href=\"https:\/\/www.euro-soft.pl\/joomla\/index.php\/8-oferty\/217-podsluch-w-iphone-xs-max-2101\"><img loading=\"lazy\" decoding=\"async\" class=\"alignnone wp-image-1680 size-full\" title=\"Pe\u0142na analiza telefonu iPhone 6S z uwzgl\u0119dnieniem pobranej bazy danych z Cellebrit Tel Awiw\" src=\"https:\/\/spy-shop.euro-soft.pl\/wp-content\/uploads\/2021\/08\/iPone2.jpg\" alt=\"Wykrywanie pods\u0142uchu w iPhonie 6S.\" width=\"917\" height=\"755\" srcset=\"https:\/\/spy-shop.euro-soft.pl\/wp-content\/uploads\/2021\/08\/iPone2.jpg 917w, https:\/\/spy-shop.euro-soft.pl\/wp-content\/uploads\/2021\/08\/iPone2-300x247.jpg 300w, https:\/\/spy-shop.euro-soft.pl\/wp-content\/uploads\/2021\/08\/iPone2-768x632.jpg 768w\" sizes=\"(max-width: 917px) 100vw, 917px\" \/><\/a><\/p><p style=\"text-align: center;\">Badanie zosta\u0142o przeprowadzone w oparciu o aktualn\u0105 baz\u0119 danych aplikacji szpiegowskich firmy Cellebrite.<\/p><p style=\"text-align: center;\"><img loading=\"lazy\" decoding=\"async\" class=\"aligncenter wp-image-1684 size-full\" title=\"Skaner z\u0142o\u015bliwego oprogramowania wykry\u0142 aplikacje pods\u0142uchowe.\" src=\"https:\/\/spy-shop.euro-soft.pl\/wp-content\/uploads\/2021\/08\/iPone1.jpg\" alt=\"Wykrycie dwuch aplikacji pods\u0142uchowych w iPhonie 6s.\" width=\"935\" height=\"622\" srcset=\"https:\/\/spy-shop.euro-soft.pl\/wp-content\/uploads\/2021\/08\/iPone1.jpg 935w, https:\/\/spy-shop.euro-soft.pl\/wp-content\/uploads\/2021\/08\/iPone1-300x200.jpg 300w, https:\/\/spy-shop.euro-soft.pl\/wp-content\/uploads\/2021\/08\/iPone1-768x511.jpg 768w\" sizes=\"(max-width: 935px) 100vw, 935px\" \/><\/p><p style=\"text-align: center;\">W badanym telefonie iPhon system wykry\u0142 dwie aplikacje szpiegowskie.<\/p><\/div><div><p><img loading=\"lazy\" decoding=\"async\" class=\"aligncenter wp-image-1685 size-full\" src=\"https:\/\/spy-shop.euro-soft.pl\/wp-content\/uploads\/2021\/08\/iPone.jpg\" alt=\"wykrywanie pods\u0142uchu w iPhonie\" width=\"800\" height=\"500\" srcset=\"https:\/\/spy-shop.euro-soft.pl\/wp-content\/uploads\/2021\/08\/iPone.jpg 800w, https:\/\/spy-shop.euro-soft.pl\/wp-content\/uploads\/2021\/08\/iPone-300x188.jpg 300w, https:\/\/spy-shop.euro-soft.pl\/wp-content\/uploads\/2021\/08\/iPone-768x480.jpg 768w\" sizes=\"(max-width: 800px) 100vw, 800px\" \/><\/p><p style=\"text-align: center;\">Wykaz wykrytych aplikacji szpiegowskich.<\/p><h3 style=\"text-align: center;\"><a href=\"https:\/\/spy-shop.euro-soft.pl\/?page_id=847\">Kontakt<\/a><\/h3><\/div>\t\t\t\t\t\t\t\t<\/div>\n\t\t\t\t<\/div>\n\t\t\t\t\t<\/div>\n\t\t<\/div>\n\t\t\t\t\t<\/div>\n\t\t<\/section>\n\t\t\t\t<\/div>\n\t\t","protected":false},"excerpt":{"rendered":"<p>Odczyt informacji z telefonu. Odczyt skasowanych sms wykonywany jest jako prywatna opinia bieg\u0142ego s\u0105dowego S\u0105du Okr\u0119gowego w Warszawie. \u00a0Na uwag\u0119&hellip;<\/p>\n","protected":false},"author":1,"featured_media":0,"parent":0,"menu_order":1,"comment_status":"open","ping_status":"closed","template":"elementor_header_footer","meta":{"footnotes":""},"class_list":["post-689","page","type-page","status-publish","hentry"],"_links":{"self":[{"href":"https:\/\/spy-shop.euro-soft.pl\/index.php?rest_route=\/wp\/v2\/pages\/689","targetHints":{"allow":["GET"]}}],"collection":[{"href":"https:\/\/spy-shop.euro-soft.pl\/index.php?rest_route=\/wp\/v2\/pages"}],"about":[{"href":"https:\/\/spy-shop.euro-soft.pl\/index.php?rest_route=\/wp\/v2\/types\/page"}],"author":[{"embeddable":true,"href":"https:\/\/spy-shop.euro-soft.pl\/index.php?rest_route=\/wp\/v2\/users\/1"}],"replies":[{"embeddable":true,"href":"https:\/\/spy-shop.euro-soft.pl\/index.php?rest_route=%2Fwp%2Fv2%2Fcomments&post=689"}],"version-history":[{"count":720,"href":"https:\/\/spy-shop.euro-soft.pl\/index.php?rest_route=\/wp\/v2\/pages\/689\/revisions"}],"predecessor-version":[{"id":1790,"href":"https:\/\/spy-shop.euro-soft.pl\/index.php?rest_route=\/wp\/v2\/pages\/689\/revisions\/1790"}],"wp:attachment":[{"href":"https:\/\/spy-shop.euro-soft.pl\/index.php?rest_route=%2Fwp%2Fv2%2Fmedia&parent=689"}],"curies":[{"name":"wp","href":"https:\/\/api.w.org\/{rel}","templated":true}]}}